{"id":34,"date":"2015-05-17T20:48:47","date_gmt":"2015-05-17T20:48:47","guid":{"rendered":"http:\/\/www.bernhardhuebl.de\/?page_id=34"},"modified":"2015-12-23T22:12:21","modified_gmt":"2015-12-23T22:12:21","slug":"bibliographie","status":"publish","type":"page","link":"https:\/\/www.bernhardhuebl.de\/?page_id=34","title":{"rendered":"Bibliographie"},"content":{"rendered":"<h6 style=\"text-align: justify;\"><strong>Bernhard Huebl ist zwar bisher (noch) nicht als Buchautor im eigentlichen Sinn in Erscheinung getreten, aber er hatte die Ehre und Freude, bei zwei B\u00fcchern, in denen wichtige Teilbereiche der M\u00fcnchner Musikgeschichte dargestellt werden, Mithilfe leisten zu d\u00fcrfen.<\/strong><\/h6>\n<h6 style=\"text-align: justify;\"><strong>Zu beiden Werken stellte er einerseits historische Eintrittskarten aus seinem privatem Fundus zur Verf\u00fcgung, andererseits konnte er auch mit Photo-Aufnahmen dienen, z.B. vom Konzert der Beatles im Circus Krone oder von den Bauarbeiten f\u00fcr das Olympiagel\u00e4nde. Beim zweiten Buch durfte er dar\u00fcberhinaus das Kapitel \u00fcber die sehr speziellen Umst\u00e4nde eines Konzertes von Ritchie Blackmore&#8217;s Rainbow im Jahr 1977 schreiben.<\/strong><\/h6>\n<h6 style=\"text-align: justify;\"><strong>Die beiden Autoren der B\u00fccher, Herbert Hauke und Arno Frank Eser, sind nicht nur als Musikjournalisten bekannt, sondern auch als Direktoren des Rockmuseums oben auf dem Olympiaturm. Unbedingt einmal besuchen !<br \/>\nN\u00e4heres unter<span style=\"text-decoration: underline; color: #000000;\"><a style=\"color: #000000;\" href=\"http:\/\/www.rockmuseum.de\"> <em>www.rockmuseum.de<\/em><\/a><\/span>\u00a0 !<\/strong><\/h6>\n<h6><\/h6>\n<h6><a href=\"https:\/\/www.bernhardhuebl.de\/wp-content\/uploads\/2015\/04\/Manege-frei-f\u00fcr-RocknRoll.jpg\"><img loading=\"lazy\" decoding=\"async\" class=\" size-medium wp-image-35 alignleft\" src=\"https:\/\/www.bernhardhuebl.de\/wp-content\/uploads\/2015\/04\/Manege-frei-f\u00fcr-RocknRoll-300x260.jpg\" alt=\"Manege frei f\u00fcr Rock'n'Roll\" width=\"300\" height=\"260\" srcset=\"https:\/\/www.bernhardhuebl.de\/wp-content\/uploads\/2015\/04\/Manege-frei-f\u00fcr-RocknRoll-300x260.jpg 300w, https:\/\/www.bernhardhuebl.de\/wp-content\/uploads\/2015\/04\/Manege-frei-f\u00fcr-RocknRoll-1024x887.jpg 1024w\" sizes=\"auto, (max-width: 300px) 100vw, 300px\" \/><\/a><strong>Herbert Hauke &amp; Arno Frank Eser<br \/>\n<span style=\"color: #993366;\">Manege frei f\u00fcr Rock&#8217;n&#8217;Roll<br \/>\n<\/span>ISBN 978-3-7630-4011-7<\/strong><\/h6>\n<h6><\/h6>\n<h6><\/h6>\n<h6><\/h6>\n<h6><\/h6>\n<h6><\/h6>\n<h6><\/h6>\n<h6><a href=\"https:\/\/www.bernhardhuebl.de\/wp-content\/uploads\/2015\/04\/Rock-Pop-im-Olympiapark-M\u00fcnchen.jpg\"><img loading=\"lazy\" decoding=\"async\" class=\" size-medium wp-image-36 alignleft\" src=\"https:\/\/www.bernhardhuebl.de\/wp-content\/uploads\/2015\/04\/Rock-Pop-im-Olympiapark-M\u00fcnchen-300x263.jpg\" alt=\"Rock &amp; Pop im Olympiapark M\u00fcnchen\" width=\"300\" height=\"263\" srcset=\"https:\/\/www.bernhardhuebl.de\/wp-content\/uploads\/2015\/04\/Rock-Pop-im-Olympiapark-M\u00fcnchen-300x263.jpg 300w, https:\/\/www.bernhardhuebl.de\/wp-content\/uploads\/2015\/04\/Rock-Pop-im-Olympiapark-M\u00fcnchen-1024x899.jpg 1024w\" sizes=\"auto, (max-width: 300px) 100vw, 300px\" \/><\/a><strong>Herbert Hauke &amp; Arno Frank Eser<br \/>\n<span style=\"color: #993366;\">Rock &amp; Pop im Olympiapark<\/span>\u00a0<span style=\"color: #993366;\">M\u00fcnchen<br \/>\n<\/span>ISBN 978-3-7630-4021-6<\/strong><\/h6>\n<h6><\/h6>\n<h6><\/h6>\n<h6><\/h6>\n<h6><\/h6>\n<h6><\/h6>\n<h6 style=\"text-align: center;\"><strong>Eine gro\u00dfe Bitte von Bernhard Huebl:<br \/>\n<\/strong><strong><br \/>\nWenn irgend m\u00f6glich, kauft diese B\u00fccher in einer richtigen Buchhandlung und nicht \u00fcber Amazon !<\/strong><\/h6>\n","protected":false},"excerpt":{"rendered":"<p>Bernhard Huebl ist zwar bisher (noch) nicht als Buchautor im eigentlichen Sinn in Erscheinung getreten, aber er hatte die Ehre und Freude, bei zwei B\u00fcchern, in denen wichtige Teilbereiche der M\u00fcnchner Musikgeschichte dargestellt werden, Mithilfe leisten zu d\u00fcrfen. Zu beiden Werken stellte er einerseits historische Eintrittskarten aus seinem privatem Fundus zur Verf\u00fcgung, andererseits konnte er &hellip; <a href=\"https:\/\/www.bernhardhuebl.de\/?page_id=34\" class=\"more-link\"><span class=\"screen-reader-text\">Bibliographie<\/span> weiterlesen <span class=\"meta-nav\">&rarr;<\/span><\/a><\/p>\n","protected":false},"author":1,"featured_media":0,"parent":0,"menu_order":0,"comment_status":"closed","ping_status":"closed","template":"","meta":{"footnotes":""},"class_list":["post-34","page","type-page","status-publish","hentry"],"_links":{"self":[{"href":"https:\/\/www.bernhardhuebl.de\/index.php?rest_route=\/wp\/v2\/pages\/34","targetHints":{"allow":["GET"]}}],"collection":[{"href":"https:\/\/www.bernhardhuebl.de\/index.php?rest_route=\/wp\/v2\/pages"}],"about":[{"href":"https:\/\/www.bernhardhuebl.de\/index.php?rest_route=\/wp\/v2\/types\/page"}],"author":[{"embeddable":true,"href":"https:\/\/www.bernhardhuebl.de\/index.php?rest_route=\/wp\/v2\/users\/1"}],"replies":[{"embeddable":true,"href":"https:\/\/www.bernhardhuebl.de\/index.php?rest_route=%2Fwp%2Fv2%2Fcomments&post=34"}],"version-history":[{"count":13,"href":"https:\/\/www.bernhardhuebl.de\/index.php?rest_route=\/wp\/v2\/pages\/34\/revisions"}],"predecessor-version":[{"id":350,"href":"https:\/\/www.bernhardhuebl.de\/index.php?rest_route=\/wp\/v2\/pages\/34\/revisions\/350"}],"wp:attachment":[{"href":"https:\/\/www.bernhardhuebl.de\/index.php?rest_route=%2Fwp%2Fv2%2Fmedia&parent=34"}],"curies":[{"name":"wp","href":"https:\/\/api.w.org\/{rel}","templated":true}]}}