{"id":72,"date":"2015-05-17T20:25:40","date_gmt":"2015-05-17T20:25:40","guid":{"rendered":"http:\/\/www.bernhardhuebl.de\/?page_id=72"},"modified":"2024-12-15T20:49:39","modified_gmt":"2024-12-15T20:49:39","slug":"aktuelle-bands-projekte","status":"publish","type":"page","link":"https:\/\/www.bernhardhuebl.de\/?page_id=72","title":{"rendered":"Aktuelle Bands &#038; Projekte"},"content":{"rendered":"<h6><strong>Bernhard Huebl ist zur Zeit festes Mitglied bei folgenden Bands:<\/strong><\/h6>\n<p>\u00a0<\/p>\n<h2><strong><span style=\"color: #993300;\"><span style=\"color: #0000ff;\">Andrea Brand &amp; Friends \u00a0<\/span>\u00a0\u00a0\u00a0\u00a0\u00a0\u00a0\u00a0\u00a0\u00a0\u00a0\u00a0\u00a0\u00a0\u00a0\u00a0\u00a0\u00a0\u00a0\u00a0\u00a0\u00a0\u00a0\u00a0\u00a0\u00a0\u00a0\u00a0\u00a0\u00a0\u00a0\u00a0\u00a0\u00a0\u00a0\u00a0\u00a0\u00a0\u00a0\u00a0\u00a0\u00a0\u00a0\u00a0\u00a0\u00a0\u00a0\u00a0\u00a0\u00a0\u00a0\u00a0\u00a0\u00a0 <\/span><\/strong><\/h2>\n<h6><strong><span style=\"text-decoration: underline; color: #000000;\"><em><a style=\"color: #000000; text-decoration: underline;\" href=\"http:\/\/www.andreabrand.de\">www.andreabrand.de<\/a><\/em><\/span><\/strong><\/h6>\n<h6>Ein Song vom Stadtteilfest Pasing\/Obermenzing auf YouTube:\u00a0 <a href=\"http:\/\/www.youtube.com\/watch?v=NfD7UaMJ0RQ\">Hier klicken !<\/a><\/h6>\n<p>\u00a0<\/p>\n<h2><span style=\"color: #0000ff;\"><strong>Boiling Ink<\/strong><\/span><\/h2>\n<h6><strong><span style=\"color: #993300;\"><br \/><\/span><span style=\"text-decoration: underline; color: #000000;\"><em><a style=\"color: #000000; text-decoration: underline;\" href=\"http:\/\/www.boiling-ink.de\">www.boiling-ink.de<\/a><\/em><\/span><\/strong><\/h6>\n<h6>Ausschnitte von einem Festival im Kulturzentrum Milbertshofen:\u00a0 <a href=\"http:\/\/www.youtube.com\/watch?v=TmPN8e-mXFw\">Hier klicken !<\/a><\/h6>\n<p>\u00a0<\/p>\n<h2><span style=\"color: #0000ff;\"><strong>Swamp&#8217;n&#8217;Roll Ambassadors<\/strong><\/span><\/h2>\n<h6><span style=\"color: #993300;\"><strong><br \/><span style=\"text-decoration: underline; color: #000000;\"><em><a style=\"color: #000000; text-decoration: underline;\" href=\"http:\/\/www.ogmusic.de\">www.ogmusic.de<\/a><\/em><\/span><\/strong><\/span><\/h6>\n<h6>Die Zugabe bei einem Konzert oben auf dem Olympiaturm: \u00a0\u00a0<a href=\"http:\/\/www.youtube.com\/watch?v=OLtQprBuQWQ&amp;t\">Hier klicken !<\/a><\/h6>\n<p>\u00a0<\/p>\n<h2><span style=\"color: #0000ff;\">Woodstock Tribute Band<\/span><\/h2>\n<h6>Nachdem es zwischen 2002 und 2009 schon 6 Konzerte dieser Art gegeben hatte, kamen zum 50j\u00e4hrigen Jubil\u00e4um am 16.8.2019 wieder ca. 25 Musiker aus der M\u00fcnchner Szene zusammen, um in wechselnden Besetzungen die Original-Bands und -Songs von damals darzubieten\u00a0 &#8211;\u00a0 diesmal in der Muffathalle. Die Halle war restlos \u00fcberf\u00fcllt, mu\u00dfte zeitweilig gesperrt werden. Vor einem begeisterten Publikum spielte Bernhard Huebl Bass bei Canned Heat, bei\u00a0 The Who und bei Ten Years After.<\/h6>\n<h6><span style=\"color: #000000;\"><a href=\"http:\/\/www.muffatwerk.de\/de\/events\/view\/4462\/\"><em><span style=\"color: #000000;\"><span style=\"text-decoration: underline;\">www.muffathalle.de<\/span><\/span><\/em><\/a> \u00a0\u00a0\u00a0\u00a0\u00a0\u00a0\u00a0\u00a0\u00a0\u00a0\u00a0\u00a0\u00a0\u00a0\u00a0\u00a0\u00a0\u00a0\u00a0\u00a0\u00a0\u00a0\u00a0 \u00a0 \u00a0 \u00a0 \u00a0 \u00a0 \u00a0 \u00a0 \u00a0\u00a0\u00a0\u00a0\u00a0\u00a0\u00a0\u00a0\u00a0\u00a0\u00a0\u00a0\u00a0\u00a0\u00a0\u00a0\u00a0\u00a0\u00a0 \u00a0 \u00a0 \u00a0 \u00a0 \u00a0 \u00a0 \u00a0\u00a0 \u00a0\u00a0\u00a0\u00a0\u00a0\u00a0\u00a0\u00a0\u00a0\u00a0\u00a0\u00a0\u00a0\u00a0\u00a0\u00a0\u00a0\u00a0\u00a0\u00a0\u00a0 \u00a0 \u00a0 \u00a0 \u00a0 \u00a0\u00a0\u00a0\u00a0\u00a0\u00a0\u00a0\u00a0\u00a0\u00a0\u00a0\u00a0\u00a0\u00a0\u00a0\u00a0\u00a0 \u00a0 \u00a0 \u00a0 \u00a0 \u00a0\u00a0 <\/span><a href=\"http:\/\/www.facebook.com\/events\/861892524202454\/\"><span style=\"color: #000000;\"><em><span style=\"text-decoration: underline;\">www.facebook.com\/events\/<\/span><\/em><\/span><\/a><\/h6>\n<h6>Ten Years After\u00a0 &#8211;\u00a0 I&#8217;m going home :\u00a0\u00a0 <a href=\"http:\/\/www.youtube.com\/watch?v=8ec29n8OSUE\">Hier klicken !<\/a><\/h6>\n<p>\u00a0<\/p>\n<h6 style=\"text-align: justify;\"><strong>Dar\u00fcberhinaus ist er des \u00f6fteren im <span style=\"color: #0000ff;\">Kulturkeller Westend <\/span>zu sehen (und zu h\u00f6ren) bei der freit\u00e4glichen <span style=\"color: #0000ff;\">&#8222;Westend Jam&#8220;<\/span>, sei es als Mitglied der Hausband an diesem Abend, sei es nur als Gast. Diese &#8222;Open Stage&#8220; mu\u00df schon auch deswegen besonders empfohlen werden, weil es derzeit die einzige in M\u00fcnchen ist, auf der man richtig laut spielen darf\u00a0 !\u00a0\u00a0\u00a0\u00a0<\/strong><\/h6>\n<h6>Ein Mitschnitt vom Dezember 2018 :\u00a0\u00a0 <a href=\"http:\/\/www.youtube.com\/watch?v=XwI82KrPUJw\">Hier klicken !<\/a><\/h6>\n<h6 style=\"text-align: justify;\"><strong>Allerdings gibt es dort auch seit einiger Zeit am jeweils ersten Freitag in jedem Monat die sogenannte &#8222;Kaminfeuer-Session&#8220; , bei der ausschlie\u00dflich unverst\u00e4rkte Instrumente zum Einsatz gebracht werden d\u00fcrfen.<br \/><\/strong><\/h6>\n<h6>Hier ist Bernhard Huebl seit gut zwei\u00a0 Jahren immer h\u00e4ufiger mit seiner akustischen Bassgitarre anzutreffen, vor allem bei Auftritten mit\u00a0 &#8222;Andrea Brand &amp; Friends&#8220; .<\/h6>\n<h6>Siehe den Mitschnitt vom September 2023 :\u00a0\u00a0 <a href=\"http:\/\/www.youtube.com\/watch?v=4WmXkXveiLo\">Hier klicken !<\/a><\/h6>\n<h6 style=\"text-align: justify;\"><strong><em><a href=\"http:\/\/www.kulturkeller.com\"><span style=\"text-decoration: underline;\"><span style=\"color: #0000ff; text-decoration: underline;\"><span style=\"color: #000000; text-decoration: underline;\">www.kulturkeller.com<\/span> <\/span><\/span><\/a><br \/><\/em><\/strong><\/h6>\n<h6>\u00a0<\/h6>\n<h6><strong><span style=\"color: #993300;\">\u00a0<\/span>\u00a0\u00a0\u00a0\u00a0\u00a0\u00a0\u00a0\u00a0\u00a0\u00a0\u00a0\u00a0\u00a0\u00a0\u00a0\u00a0\u00a0\u00a0\u00a0\u00a0\u00a0\u00a0\u00a0\u00a0\u00a0\u00a0\u00a0\u00a0\u00a0\u00a0\u00a0\u00a0\u00a0\u00a0\u00a0\u00a0\u00a0\u00a0\u00a0\u00a0\u00a0\u00a0\u00a0\u00a0\u00a0\u00a0\u00a0\u00a0\u00a0\u00a0\u00a0\u00a0\u00a0\u00a0\u00a0\u00a0\u00a0\u00a0\u00a0\u00a0\u00a0\u00a0\u00a0\u00a0\u00a0\u00a0\u00a0\u00a0\u00a0\u00a0\u00a0\u00a0\u00a0\u00a0\u00a0\u00a0\u00a0\u00a0\u00a0\u00a0\u00a0\u00a0\u00a0\u00a0\u00a0\u00a0\u00a0\u00a0\u00a0\u00a0\u00a0\u00a0\u00a0\u00a0\u00a0\u00a0\u00a0\u00a0\u00a0\u00a0 <\/strong><\/h6>\n<p style=\"text-align: justify;\"><strong>\u00a0<\/strong><\/p>\n\n\n<p><\/p>\n","protected":false},"excerpt":{"rendered":"<p>Bernhard Huebl ist zur Zeit festes Mitglied bei folgenden Bands: \u00a0 Andrea Brand &amp; Friends \u00a0\u00a0\u00a0\u00a0\u00a0\u00a0\u00a0\u00a0\u00a0\u00a0\u00a0\u00a0\u00a0\u00a0\u00a0\u00a0\u00a0\u00a0\u00a0\u00a0\u00a0\u00a0\u00a0\u00a0\u00a0\u00a0\u00a0\u00a0\u00a0\u00a0\u00a0\u00a0\u00a0\u00a0\u00a0\u00a0\u00a0\u00a0\u00a0\u00a0\u00a0\u00a0\u00a0\u00a0\u00a0\u00a0\u00a0\u00a0\u00a0\u00a0\u00a0\u00a0\u00a0\u00a0 www.andreabrand.de Ein Song vom Stadtteilfest Pasing\/Obermenzing auf YouTube:\u00a0 Hier klicken ! \u00a0 Boiling Ink www.boiling-ink.de Ausschnitte von einem Festival im Kulturzentrum Milbertshofen:\u00a0 Hier klicken ! \u00a0 Swamp&#8217;n&#8217;Roll Ambassadors www.ogmusic.de Die Zugabe bei einem Konzert oben auf dem Olympiaturm: \u00a0\u00a0Hier &hellip; <a href=\"https:\/\/www.bernhardhuebl.de\/?page_id=72\" class=\"more-link\"><span class=\"screen-reader-text\">Aktuelle Bands &#038; Projekte<\/span> weiterlesen <span class=\"meta-nav\">&rarr;<\/span><\/a><\/p>\n","protected":false},"author":1,"featured_media":0,"parent":0,"menu_order":0,"comment_status":"closed","ping_status":"closed","template":"","meta":{"footnotes":""},"class_list":["post-72","page","type-page","status-publish","hentry"],"_links":{"self":[{"href":"https:\/\/www.bernhardhuebl.de\/index.php?rest_route=\/wp\/v2\/pages\/72","targetHints":{"allow":["GET"]}}],"collection":[{"href":"https:\/\/www.bernhardhuebl.de\/index.php?rest_route=\/wp\/v2\/pages"}],"about":[{"href":"https:\/\/www.bernhardhuebl.de\/index.php?rest_route=\/wp\/v2\/types\/page"}],"author":[{"embeddable":true,"href":"https:\/\/www.bernhardhuebl.de\/index.php?rest_route=\/wp\/v2\/users\/1"}],"replies":[{"embeddable":true,"href":"https:\/\/www.bernhardhuebl.de\/index.php?rest_route=%2Fwp%2Fv2%2Fcomments&post=72"}],"version-history":[{"count":79,"href":"https:\/\/www.bernhardhuebl.de\/index.php?rest_route=\/wp\/v2\/pages\/72\/revisions"}],"predecessor-version":[{"id":2106,"href":"https:\/\/www.bernhardhuebl.de\/index.php?rest_route=\/wp\/v2\/pages\/72\/revisions\/2106"}],"wp:attachment":[{"href":"https:\/\/www.bernhardhuebl.de\/index.php?rest_route=%2Fwp%2Fv2%2Fmedia&parent=72"}],"curies":[{"name":"wp","href":"https:\/\/api.w.org\/{rel}","templated":true}]}}