{"id":81,"date":"2015-05-17T20:36:58","date_gmt":"2015-05-17T20:36:58","guid":{"rendered":"http:\/\/www.bernhardhuebl.de\/?page_id=81"},"modified":"2025-05-19T17:29:04","modified_gmt":"2025-05-19T17:29:04","slug":"impressum","status":"publish","type":"page","link":"https:\/\/www.bernhardhuebl.de\/?page_id=81","title":{"rendered":"Band-Geschichte"},"content":{"rendered":"\n<h4 class=\"wp-block-heading\"><span style=\"color: #0000ff;\"><strong>CYANCALI&nbsp;&nbsp;<\/strong><\/span>1972 &#8211; 1976<br>wurde 1975&nbsp;umbenannt in <span style=\"color: #0000ff;\"><strong>ZYANID<\/strong><\/span> und<br>1976<em> <\/em>umbenannt in <span style=\"color: #0000ff;\"><strong>ROYAL FLASH<\/strong><\/span><\/h4>\n\n\n\n<h6 class=\"wp-block-heading\"><strong>Sch\u00fclerband; erster Auftritt am 23.7.1974 im Musikpavillion des Wittelsbacher Gymnasiums; h\u00e4ufige Gigs im Olympia-Eissportstadion w\u00e4hrend des \u00f6ffentlichen&nbsp; Abend-Eislaufs &nbsp;&#8211; &nbsp; &nbsp;Zahlreiche Umbesetzungen<\/strong><\/h6>\n\n\n\n<h4 class=\"wp-block-heading\"><span style=\"color: #0000ff;\"><strong>MERLIN &nbsp;<\/strong><\/span>1977 &#8211; 1978<\/h4>\n\n\n\n<h6 class=\"wp-block-heading\"><strong>Erste von mehreren Bands, bei denen Bernhard Huebl der einzige Moosacher unter lauter Pasingern war. Vorl\u00e4uferband der legend\u00e4ren CREEPY LAYNE (siehe dort).&nbsp; Ebenfalls zahlreiche Auftritte im Olympia-Eissportstadion. &nbsp; &nbsp;Die Existenz dieser Band wurde auf tragische Weise beendet durch die Einberufung von Bernhard Huebl zum Milit\u00e4r.<\/strong>&nbsp;<\/h6>\n\n\n\n<h4 class=\"wp-block-heading\"><span style=\"color: #0000ff;\"><strong>CREEPY LAYNE &nbsp;<\/strong><\/span>1980 &#8211; 1984<\/h4>\n\n\n\n<h6 class=\"wp-block-heading\"><strong>Die sicherlich bedeutendste Band in der Vita von Bernhard Huebl &nbsp; &#8211;&nbsp; sie genie\u00dft heute Legendenstatus. Creepy&nbsp; Layne begann als reine Southern Rock Band, um sich dann aber immer mehr selbstst\u00e4ndig zu profilieren, vor allem mit herausragenden Eigenkompostionen. 1982 wurde bei Zyx Records die LP &#8222;Let the rebels rock&#8220; produziert, auf ihr befinden sich ausschlie\u00dflich besagte Songs. Eingespielt wurde diese LP in der &#8222;klassischen&#8220; Besetzung: Robert Stragalinos, Mario Baier, Ludwig Seuss und Stephan G\u00f6tz waren Bernhard Huebls Kollegen.<\/strong><\/h6>\n\n\n\n<h4 class=\"wp-block-heading\"><span style=\"color: #0000ff;\"><strong>CHARLYS JAZZ TRIO &nbsp;<\/strong><\/span>1980<\/h4>\n\n\n\n<h6 class=\"wp-block-heading\"><strong>Ein erster Ausflug in ganz andere musikalische Gefilde: Ein Trio um den Pianisten Karl-Heinz &#8222;Charly&#8220; Thomas, in dem ausschlie\u00dflich Klassiker der Jazzliteratur gespielt wurden.<\/strong><\/h6>\n\n\n\n<h4 class=\"wp-block-heading\"><span style=\"color: #0000ff;\"><strong>CAVEMEN &nbsp;<\/strong><\/span>1984<\/h4>\n\n\n\n<h6 class=\"wp-block-heading\"><strong>Hausband der Disco am Pasinger Marienplatz um den S\u00e4nger Rupert Gei\u00dfler, der sp\u00e4ter als &#8222;Hank Davison&#8220; in der Motorrad-Rocker-Szene eine gewisse Bekanntheit erreichte. Diese Band existierte nur 3 Monate, hatte aber in diesem Zeitraum an jedem Dienstag einen Auftritt.<\/strong><\/h6>\n\n\n\n<h4 class=\"wp-block-heading\"><span style=\"color: #0000ff;\"><strong>CHARTER BAND &nbsp;<\/strong><\/span>1985 &#8211; 1986<\/h4>\n\n\n\n<h6 class=\"wp-block-heading\"><strong>Bernhard Huebl traf wieder auf die Gitarristen von Cyancali, Thomas Hirtz und Harald Riepl. In dieser Band wurden ausschlie\u00dflich Covers gespielt&nbsp; &#8211; gescheitert ist sie aber daran, da\u00df der Keyboarder dieser Combo Songs von Supertramp sowie Disco-Funk spielen wollte. So was geht nat\u00fcrlich \u00fcberhaupt nicht !<\/strong><\/h6>\n\n\n\n<h4 class=\"wp-block-heading\"><span style=\"color: #0000ff;\"><strong>KOKO BLUE &nbsp;<\/strong><\/span>1986 &#8211; 1987<\/h4>\n\n\n\n<h6 class=\"wp-block-heading\"><strong>Erneute Zusammenarbeit mit Robert Stragalinos. Der allererste Gig von Bernhard Huebl mit Koko Blue war gleichzeitig sein allererster Auftritt am Theatron (wo er noch mit zwei weiteren Bands spielen sollte) sowie der allererste Auftritt, von dem bewegte Bilder existieren. Mit dieser Band kam es ebenfalls zum ersten Auftritt im Circus Krone (im Vorprogramm von Lou Gramm).<\/strong><\/h6>\n\n\n\n<h4 class=\"wp-block-heading\"><strong><span style=\"color: #0000ff;\">COAL BEE BAND &nbsp;<\/span><\/strong>1988 &#8211; 2012<\/h4>\n\n\n\n<h6 class=\"wp-block-heading\"><strong>Klassische Rockband um den S\u00e4nger &#8222;Coal Bee&#8220; Werner Vill. Gepr\u00e4gt war die Musik dieser Band vor allem durch das Zusammen- und Gegenspiel der beiden Lead-Instrumente Gitarre und Keyboard.<br>2 CDs&nbsp;(siehe Discographie)<\/strong><\/h6>\n\n\n\n<h4 class=\"wp-block-heading\">&nbsp;<span style=\"color: #0000ff;\"><strong>BACKFLASH &nbsp;<\/strong><\/span>1994 &#8211; 1995<\/h4>\n\n\n\n<h6 class=\"wp-block-heading\"><strong>Blues-Trio, wieder mal mit Robert Stragalinos<\/strong><\/h6>\n\n\n\n<h4 class=\"wp-block-heading\"><span style=\"color: #0000ff;\"><strong>DR. WILL AND THE MEDICINE MEN<\/strong><\/span>&nbsp;&nbsp;1996 &#8211; 1999;&nbsp; 2003; 2008<\/h4>\n\n\n\n<h6 class=\"wp-block-heading\"><strong>Bei dieser Band war Bernhard Huebl zwar nur Vertreter des Stammbassisten Thomas Peschel, da dieser aber viele Nebenjobs hatte und die Band gleichzeitig sehr besch\u00e4ftigt war (u.a. an jedem Donnerstag bei der Blues-Session im alten, legend\u00e4ren &#8222;Hide Out&#8220;) ergaben sich viele Gigs.<\/strong><\/h6>\n\n\n\n<h4 class=\"wp-block-heading\"><span style=\"color: #0000ff;\"><strong>DR. WILL&#8217;S GANGSTERS OF LOVE&nbsp;&nbsp;<\/strong><\/span>1997 &#8211; 2003;&nbsp; 2007<\/h4>\n\n\n\n<h6 class=\"wp-block-heading\"><strong>Gro\u00dfe Band (9 Mann!) um den S\u00e4nger &#8222;Dr. Will&#8220; ; erstmalige Zusammenarbeit mit einem 4stimmigen Bl\u00e4sersatz. Zahlreiche, teils sehr lukrative Gigs, 3 CDs sowie Beteiligung an einer Reihe von CD-Samplern (siehe Discographie!). Bei dieser Band mu\u00dfte Bernhard Huebl erstmals in seinem Leben einen Song in Bb-Dur spielen !<\/strong><\/h6>\n\n\n\n<h4 class=\"wp-block-heading\"><span style=\"color: #0000ff;\"><strong>HIDE OUT ALL STARS<\/strong>&nbsp;&nbsp;<\/span>1998 &#8211; 2001<\/h4>\n\n\n\n<h6 class=\"wp-block-heading\"><strong>Keine feste Band, sondern oftmals relativ spontane Zusammenarbeit von&nbsp;4 &#8211; 5 Musikern aus der M\u00fcnchner Szene, die f\u00fcr jeweils einen Abend das Programm im &#8222;Hide Out&#8220; bestritten.&nbsp;<\/strong><\/h6>\n\n\n\n<h4 class=\"wp-block-heading\"><span style=\"color: #0000ff;\"><strong>WOODSTOCK TRIBUTE BAND&nbsp;<\/strong><\/span>&nbsp;2002 &#8211; 2009;&nbsp; 2019<\/h4>\n\n\n\n<h6 class=\"wp-block-heading\"><strong>Eine wunderbare Idee der Schlagzeugerin Babsi Margeth:<br>Ca. 25 Musiker aus der M\u00fcnchner Szene spielen in verschiedenen Zusammensetzungen die Original-Bands und Original-Songs jenes legend\u00e4ren Festivals von 1969 nach. Bernhard Huebl spielt Bass bei &#8222;The Who&#8220;, bei &#8222;Ten Years After&#8220; und bei &#8222;Canned Heat&#8220;. Bisheriger H\u00f6hepunkt war sicherlich die Veranstaltung 2009 am Rotkreuzplatz zum 40j\u00e4hrigen Jubil\u00e4um.<\/strong> <strong>Am 16.8.2019 fand nunmehr ein erneutes Konzert zum 50j\u00e4hrigen Jubil\u00e4um, diesmal&nbsp; in der restlos \u00fcberf\u00fcllten Muffathalle statt. Das Publikum tobte vor Begeisterung &#8211; ein DVD-Mitschnitt ist geplant !<br>N\u00e4heres unter <span style=\"text-decoration: underline; color: #000000;\"><em><a style=\"color: #000000; text-decoration: underline;\" href=\"http:\/\/www.muffatwerk.de\/de\/events\/view\/4462\/\">www.muffathalle.de<\/a><\/em><\/span>  sowie unter <span style=\"text-decoration: underline;\"><em><a href=\"http:\/\/www.facebook.com\/events\/861892524202454\/\"><span style=\"color: #000000; text-decoration: underline;\">www.facebook.com\/events<\/span><\/a><\/em><\/span> <\/strong>&nbsp;<\/h6>\n\n\n\n<h4 class=\"wp-block-heading\"><span style=\"color: #0000ff;\"><strong>BOILING INK&nbsp;<\/strong>&nbsp;<\/span>seit 2009<\/h4>\n\n\n\n<h6 class=\"wp-block-heading\"><strong>Klassisches Trio<\/strong><br><strong>Rock&#8217;n&#8217;Roll, Blues und Swing, vor allem im Stil der 60er- und 70er Jahre werden von den M\u00fcnchner Lokalmatadoren dargeboten. Zahlreiche Gigs, oft auch &#8222;unplugged&#8220; &#8211; dort kommt dann die akustische Bassgitarre zum Einsatz !<br>N\u00e4heres unter <span style=\"text-decoration: underline;\"><span style=\"color: #000000;\"><em><a style=\"color: #000000; text-decoration: underline;\" href=\"http:\/\/www.boiling-ink.de\">www.boiling-ink.de<\/a><\/em><\/span><\/span> !<\/strong><\/h6>\n\n\n\n<h4 class=\"wp-block-heading\"><span style=\"color: #0000ff;\"><strong>SWAMP&#8217;N&#8217;ROLL AMBASSADORS<\/strong><\/span>&nbsp;&nbsp;seit 2009<\/h4>\n\n\n\n<h6 class=\"wp-block-heading\"><strong>Quartett um den bundesweit bekannten Gitarristen Olaf Giebe.&nbsp; Der Blues wird hier in einer etwas h\u00e4rteren Form interpretiert &#8211; es darf gerockt werden! Die neue CD &#8222;Rock This Joint&#8220; ist seit September 2019 erh\u00e4ltlich! Dar\u00fcberhinaus wurden in den Jahren 2021 bis 2024 nunmehr 6 &#8222;Online-EPs&#8220; ver\u00f6ffentlicht (siehe&nbsp;Discographie).&nbsp;<\/strong><br><strong>N\u00e4heres unter <span style=\"text-decoration: underline;\"><span style=\"color: #000000;\"><em><a style=\"color: #000000; text-decoration: underline;\" href=\"http:\/\/www.ogmusic.de\">www.ogmusic.de<\/a><\/em><\/span><\/span><\/strong><\/h6>\n\n\n\n<h4 class=\"wp-block-heading\"><span style=\"color: #0000ff;\"><strong>ANDREA BRAND &amp; FRIENDS<\/strong>&nbsp;<\/span>&nbsp;seit 2012<\/h4>\n\n\n\n<h6 class=\"wp-block-heading\"><strong>Zusammen mit dem Boiling Ink &#8211; Drummer Andi Kossakowski begleitet Bernhard Huebl die Folks\u00e4ngerin und Liedermacherin Andrea Brand.<br>Die erste CD &#8222;The only way for me&#8220; ist auf dem Markt ! Absolut wunderbares Songmaterial!\u00a0Unbedingt einmal reinh\u00f6ren !<\/strong><br><strong>N\u00e4heres unter <span style=\"text-decoration: underline; color: #000000;\"><em><a style=\"color: #000000; text-decoration: underline;\" href=\"http:\/\/www.andreabrand.de\">www.andreabrand.de<\/a><\/em><\/span><\/strong><\/h6>\n\n\n\n<h6 class=\"wp-block-heading\"><strong>Andrea Brand ist des weiteren zu h\u00f6ren als Gasts\u00e4ngerin auf den Online-EPs &#8222;Don&#8217;t Look Back&#8220;, &#8222;Spring Break&#8220;, &#8222;Forecast Blue&#8220; und &#8222;Forecast Blue &#8211; Extended Version&#8220; der Swamp&#8217;n&#8217;Roll Ambassadors&nbsp; (siehe Discographie).<\/strong><\/h6>\n\n\n\n<h4 class=\"wp-block-heading\"><span style=\"color: #0000ff;\"><strong>ROBERT RAMISCH BLUESBAND<\/strong><\/span>&nbsp;&nbsp;&nbsp;&nbsp; 2015 &#8211; 2018<\/h4>\n\n\n\n<h6 class=\"wp-block-heading\"><strong>In diesem Quartett traf Bernhard Huebl unter anderem wieder mit zwei ehemaligen Creepy Layne-Kollegen&nbsp;zusammen.<\/strong><br><strong>1 CD (siehe Discographie)<\/strong><br><strong>1 Live-DVD&nbsp;(<strong>siehe Discographie<\/strong>) <br><\/strong><\/h6>\n\n\n\n<p><\/p>\n","protected":false},"excerpt":{"rendered":"<p>CYANCALI&nbsp;&nbsp;1972 &#8211; 1976wurde 1975&nbsp;umbenannt in ZYANID und1976 umbenannt in ROYAL FLASH Sch\u00fclerband; erster Auftritt am 23.7.1974 im Musikpavillion des Wittelsbacher Gymnasiums; h\u00e4ufige Gigs im Olympia-Eissportstadion w\u00e4hrend des \u00f6ffentlichen&nbsp; Abend-Eislaufs &nbsp;&#8211; &nbsp; &nbsp;Zahlreiche Umbesetzungen MERLIN &nbsp;1977 &#8211; 1978 Erste von mehreren Bands, bei denen Bernhard Huebl der einzige Moosacher unter lauter Pasingern war. Vorl\u00e4uferband der legend\u00e4ren &hellip; <a href=\"https:\/\/www.bernhardhuebl.de\/?page_id=81\" class=\"more-link\"><span class=\"screen-reader-text\">Band-Geschichte<\/span> weiterlesen <span class=\"meta-nav\">&rarr;<\/span><\/a><\/p>\n","protected":false},"author":1,"featured_media":0,"parent":0,"menu_order":0,"comment_status":"closed","ping_status":"closed","template":"","meta":{"footnotes":""},"class_list":["post-81","page","type-page","status-publish","hentry"],"_links":{"self":[{"href":"https:\/\/www.bernhardhuebl.de\/index.php?rest_route=\/wp\/v2\/pages\/81","targetHints":{"allow":["GET"]}}],"collection":[{"href":"https:\/\/www.bernhardhuebl.de\/index.php?rest_route=\/wp\/v2\/pages"}],"about":[{"href":"https:\/\/www.bernhardhuebl.de\/index.php?rest_route=\/wp\/v2\/types\/page"}],"author":[{"embeddable":true,"href":"https:\/\/www.bernhardhuebl.de\/index.php?rest_route=\/wp\/v2\/users\/1"}],"replies":[{"embeddable":true,"href":"https:\/\/www.bernhardhuebl.de\/index.php?rest_route=%2Fwp%2Fv2%2Fcomments&post=81"}],"version-history":[{"count":132,"href":"https:\/\/www.bernhardhuebl.de\/index.php?rest_route=\/wp\/v2\/pages\/81\/revisions"}],"predecessor-version":[{"id":2300,"href":"https:\/\/www.bernhardhuebl.de\/index.php?rest_route=\/wp\/v2\/pages\/81\/revisions\/2300"}],"wp:attachment":[{"href":"https:\/\/www.bernhardhuebl.de\/index.php?rest_route=%2Fwp%2Fv2%2Fmedia&parent=81"}],"curies":[{"name":"wp","href":"https:\/\/api.w.org\/{rel}","templated":true}]}}