{"id":98,"date":"2015-05-17T21:21:05","date_gmt":"2015-05-17T21:21:05","guid":{"rendered":"http:\/\/www.bernhardhuebl.de\/?page_id=98"},"modified":"2026-05-07T21:45:11","modified_gmt":"2026-05-07T21:45:11","slug":"links","status":"publish","type":"page","link":"https:\/\/www.bernhardhuebl.de\/?page_id=98","title":{"rendered":"Links"},"content":{"rendered":"<h6><strong><span style=\"color: #000080;\"><span style=\"color: #0000ff;\">Andrea Brand<\/span><br \/><\/span><span style=\"text-decoration: underline; color: #000000;\"><em><a style=\"color: #000000; text-decoration: underline;\" href=\"http:\/\/www.andreabrand.de\">www.andreabrand.de<\/a><\/em><\/span><\/strong><\/h6>\n<h6><strong><span style=\"color: #000080;\"><span style=\"color: #0000ff;\">Boiling Ink<\/span><br \/><\/span><\/strong><em><span style=\"text-decoration: underline; color: #000000;\"><a style=\"color: #000000;\" href=\"http:\/\/www.boiling-ink.de\"><strong>www.boiling-ink.de<\/strong><\/a><\/span>\u00a0 \u00a0 <\/em><strong>Die Seite wird derzeit \u00fcberarbeitet !<\/strong><\/h6>\n<h6><span style=\"color: #000080;\"><strong><span style=\"color: #0000ff;\">Swamp&#8217;n&#8217;Roll Ambassadors<\/span><br \/><\/strong><\/span><em><a href=\"http:\/\/www.ogmusic.de\"><span style=\"text-decoration: underline; color: #000000;\"><strong>www.ogmusic.de<\/strong><\/span><\/a><\/em><span style=\"color: #000080;\">\u00a0\u00a0 \u00a0 \u00a0 \u00a0 \u00a0 \u00a0 \u00a0 \u00a0 \u00a0 \u00a0 \u00a0 \u00a0 \u00a0 \u00a0 \u00a0 \u00a0 \u00a0 \u00a0 \u00a0 \u00a0 \u00a0 \u00a0 \u00a0 \u00a0 \u00a0 \u00a0 \u00a0 \u00a0 \u00a0 \u00a0 \u00a0 \u00a0 \u00a0 \u00a0 \u00a0 \u00a0 \u00a0 \u00a0 \u00a0 \u00a0 \u00a0 \u00a0 \u00a0 \u00a0 \u00a0 \u00a0 \u00a0 \u00a0 \u00a0 \u00a0 \u00a0 \u00a0 \u00a0 \u00a0 \u00a0 \u00a0 \u00a0 \u00a0 \u00a0 \u00a0 \u00a0 \u00a0 \u00a0 \u00a0\u00a0 <\/span><em><br \/><\/em><\/h6>\n<h6><strong><span style=\"color: #000080;\"><span style=\"color: #0000ff;\">Rockmuseum M\u00fcnchen<\/span><br \/><\/span><\/strong><em><span style=\"text-decoration: underline;\"><span style=\"color: #000000;\"><a style=\"color: #000000;\" href=\"http:\/\/www.rockmuseum.de\"><strong>www.rockmuseum.de<\/strong><\/a><\/span><\/span><br \/><\/em><strong>Unter der Leitung von Herbert Hauke und Arno Frank Eser,\u00a0 siehe auch Bibliographie !<\/strong><\/h6>\n<h6><strong><span style=\"color: #000080;\"><span style=\"color: #0000ff;\">Kulturkeller Westend<\/span><br \/><\/span><em><span style=\"text-decoration: underline; color: #000000;\"><a style=\"color: #000000; text-decoration: underline;\" href=\"http:\/\/www.kulturkeller.com\">www.kulturkeller.com<\/a><\/span><br \/><\/em>Rock- und Bluessession an jedem Freitag !<\/strong><\/h6>\n<h6>\u00a0<\/h6>\n<h6><strong>Und auch die Adressen der Aufnahmestudios, in denen Bernhard Huebl\u00a0\u00a0 in der letzten Zeit \u00fcberwiegend gearbeitet hat, sollen hier\u00a0 nicht fehlen:<\/strong><\/h6>\n<h6><strong><span style=\"color: #000080;\"><span style=\"color: #0000ff;\">Bone Studio<\/span><br \/><a href=\"http:\/\/www.bonifaz-online.de\"><span style=\"text-decoration: underline; color: #000000;\"><em>www.bonifaz-online.de<\/em><\/span><\/a><\/span><em><span style=\"text-decoration: underline; color: #000000;\">\u00a0 <\/span><br \/><\/em><\/strong><\/h6>\n<h6><strong><span style=\"color: #000080;\"><span style=\"color: #0000ff;\">Downhill Studio<\/span><br \/><\/span><em><span style=\"text-decoration: underline;\"><span style=\"color: #000000;\"><a style=\"color: #000000; text-decoration: underline;\" href=\"http:\/\/www.downhill-studio.de\">www.downhill-studio.de<\/a><\/span><\/span>\u00a0\u00a0\u00a0\u00a0<\/em><\/strong><\/h6>\n<h6><span style=\"color: #333399;\"><span style=\"color: #0000ff;\">Tonstudio Eric Harings<\/span> \u00a0 \u00a0 \u00a0 \u00a0 \u00a0 \u00a0 \u00a0 \u00a0 \u00a0 \u00a0 \u00a0 \u00a0 \u00a0 \u00a0 \u00a0 \u00a0 \u00a0 \u00a0 \u00a0 \u00a0 \u00a0 \u00a0 \u00a0 \u00a0 \u00a0<\/span> \u00a0\u00a0\u00a0\u00a0\u00a0\u00a0\u00a0\u00a0\u00a0\u00a0\u00a0\u00a0\u00a0\u00a0\u00a0\u00a0\u00a0\u00a0\u00a0\u00a0\u00a0\u00a0\u00a0\u00a0\u00a0\u00a0\u00a0\u00a0\u00a0\u00a0\u00a0\u00a0\u00a0\u00a0\u00a0\u00a0\u00a0\u00a0\u00a0\u00a0 \u00a0 \u00a0 \u00a0 \u00a0 \u00a0\u00a0\u00a0\u00a0\u00a0\u00a0\u00a0\u00a0\u00a0\u00a0\u00a0\u00a0\u00a0\u00a0\u00a0\u00a0\u00a0 \u00a0 \u00a0 \u00a0 \u00a0 <a href=\"http:\/\/www.ericharings.de\"><span style=\"text-decoration: underline;\"><em><span style=\"color: #000000; text-decoration: underline;\">www.eric<\/span><span style=\"color: #000000; text-decoration: underline;\">harings.de<\/span><\/em><\/span><\/a><\/h6>\n<p>.<\/p>\n<p>.<\/p>\n<h6>Des weiteren will Bernhard Huebl sehr gerne werben f\u00fcr zwei Firmen,\u00a0 die Sonderanfertigungen nach seinen pers\u00f6nlichen W\u00fcnschen f\u00fcr ihn hergestellt haben :<\/h6>\n<h6>Das ist zum ersten die Firma <span style=\"color: #0000ff;\">Sandberg <\/span>mit Sitz in Braunschweig . Dort wurde f\u00fcr\u00a0\u00a0\u00a0 ihn speziell die Bassgitarre nach seinen Vorgaben gebaut, die \u00fcberwiegend bei Studioaufnahmen zur Verwendung kommt\u00a0 (Palisander- und Mahagonih\u00f6lzer,\u00a0\u00a0\u00a0\u00a0\u00a0\u00a0 und\u00a0 &#8211;\u00a0 bei Sandberg ungew\u00f6hnlich\u00a0 &#8211;\u00a0 eine rein passive Elektronik, also keinerlei Batterien innerhalb des Instruments) !\u00a0\u00a0 \u00a0 \u00a0 \u00a0 \u00a0 \u00a0 \u00a0 \u00a0 \u00a0 \u00a0 \u00a0 \u00a0 \u00a0 \u00a0 \u00a0 \u00a0 \u00a0 \u00a0 \u00a0 \u00a0 \u00a0 \u00a0 \u00a0 \u00a0 \u00a0 \u00a0 \u00a0 \u00a0 \u00a0 \u00a0 \u00a0 \u00a0 \u00a0 \u00a0 \u00a0 \u00a0 \u00a0 \u00a0\u00a0 <span style=\"color: #000000;\"><a style=\"color: #000000;\" href=\"http:\/\/www.sandberg-guitars.de\"><span style=\"text-decoration: underline;\"><em>www.sandberg-guitars.de<\/em><\/span><\/a><\/span><\/h6>\n<h6>Zum zweiten soll, nein mu\u00df auch der Betrieb erw\u00e4hnt werden, der seine\u00a0\u00a0\u00a0\u00a0\u00a0\u00a0\u00a0\u00a0\u00a0\u00a0 Plectren nach pers\u00f6nlichen Vorgaben produziert: Die Firma <span style=\"color: #0000ff;\">Geipel<\/span> mit Sitz in der legend\u00e4ren fr\u00e4nkischen Musikstadt Bubenreuth\u00a0 &#8211;\u00a0 von dort stammt u.a. auch der ber\u00fchmte Violin-Bass von Paul McCartney !\u00a0\u00a0\u00a0\u00a0\u00a0\u00a0\u00a0\u00a0\u00a0\u00a0\u00a0\u00a0\u00a0\u00a0\u00a0\u00a0\u00a0\u00a0\u00a0\u00a0\u00a0\u00a0\u00a0\u00a0\u00a0\u00a0\u00a0\u00a0\u00a0\u00a0\u00a0\u00a0\u00a0\u00a0\u00a0\u00a0\u00a0\u00a0\u00a0\u00a0\u00a0\u00a0\u00a0\u00a0\u00a0\u00a0\u00a0\u00a0\u00a0\u00a0\u00a0\u00a0\u00a0\u00a0\u00a0\u00a0\u00a0\u00a0\u00a0\u00a0\u00a0\u00a0\u00a0\u00a0\u00a0\u00a0\u00a0\u00a0\u00a0 <span style=\"text-decoration: underline; color: #000000;\"><em><a style=\"color: #000000; text-decoration: underline;\" href=\"http:\/\/www.walter-geipel.de\">www.walter-<\/a><a style=\"color: #000000; text-decoration: underline;\" href=\"http:\/\/www.walter-geipel.de\">geipel.de<\/a><\/em><\/span><\/h6>\n<h6>\u00a0\u00a0\u00a0\u00a0\u00a0\u00a0\u00a0\u00a0\u00a0\u00a0\u00a0\u00a0\u00a0\u00a0\u00a0\u00a0\u00a0\u00a0\u00a0\u00a0\u00a0\u00a0\u00a0\u00a0\u00a0\u00a0\u00a0\u00a0\u00a0\u00a0\u00a0\u00a0\u00a0\u00a0\u00a0\u00a0\u00a0\u00a0\u00a0\u00a0\u00a0\u00a0\u00a0\u00a0\u00a0\u00a0\u00a0\u00a0\u00a0\u00a0\u00a0\u00a0\u00a0\u00a0\u00a0\u00a0\u00a0\u00a0\u00a0\u00a0\u00a0\u00a0\u00a0\u00a0\u00a0\u00a0\u00a0\u00a0\u00a0\u00a0\u00a0\u00a0\u00a0\u00a0\u00a0\u00a0\u00a0\u00a0\u00a0\u00a0\u00a0\u00a0\u00a0\u00a0\u00a0\u00a0\u00a0\u00a0 \u00a0\u00a0\u00a0\u00a0\u00a0\u00a0\u00a0\u00a0\u00a0\u00a0\u00a0\u00a0\u00a0\u00a0\u00a0\u00a0\u00a0\u00a0\u00a0\u00a0\u00a0\u00a0\u00a0\u00a0\u00a0\u00a0\u00a0\u00a0\u00a0\u00a0\u00a0\u00a0\u00a0\u00a0\u00a0\u00a0\u00a0\u00a0\u00a0\u00a0\u00a0\u00a0\u00a0\u00a0\u00a0\u00a0\u00a0\u00a0\u00a0\u00a0\u00a0\u00a0\u00a0\u00a0\u00a0\u00a0\u00a0\u00a0\u00a0\u00a0\u00a0\u00a0\u00a0\u00a0\u00a0\u00a0\u00a0<\/h6>\n\n\n<p><\/p>\n","protected":false},"excerpt":{"rendered":"<p>Andrea Brandwww.andreabrand.de Boiling Inkwww.boiling-ink.de\u00a0 \u00a0 Die Seite wird derzeit \u00fcberarbeitet ! Swamp&#8217;n&#8217;Roll Ambassadorswww.ogmusic.de\u00a0\u00a0 \u00a0 \u00a0 \u00a0 \u00a0 \u00a0 \u00a0 \u00a0 \u00a0 \u00a0 \u00a0 \u00a0 \u00a0 \u00a0 \u00a0 \u00a0 \u00a0 \u00a0 \u00a0 \u00a0 \u00a0 \u00a0 \u00a0 \u00a0 \u00a0 \u00a0 \u00a0 \u00a0 \u00a0 \u00a0 \u00a0 \u00a0 \u00a0 \u00a0 \u00a0 \u00a0 \u00a0 \u00a0 \u00a0 \u00a0 \u00a0 \u00a0 \u00a0 &hellip; <a href=\"https:\/\/www.bernhardhuebl.de\/?page_id=98\" class=\"more-link\"><span class=\"screen-reader-text\">Links<\/span> weiterlesen <span class=\"meta-nav\">&rarr;<\/span><\/a><\/p>\n","protected":false},"author":1,"featured_media":0,"parent":0,"menu_order":0,"comment_status":"closed","ping_status":"closed","template":"","meta":{"footnotes":""},"class_list":["post-98","page","type-page","status-publish","hentry"],"_links":{"self":[{"href":"https:\/\/www.bernhardhuebl.de\/index.php?rest_route=\/wp\/v2\/pages\/98","targetHints":{"allow":["GET"]}}],"collection":[{"href":"https:\/\/www.bernhardhuebl.de\/index.php?rest_route=\/wp\/v2\/pages"}],"about":[{"href":"https:\/\/www.bernhardhuebl.de\/index.php?rest_route=\/wp\/v2\/types\/page"}],"author":[{"embeddable":true,"href":"https:\/\/www.bernhardhuebl.de\/index.php?rest_route=\/wp\/v2\/users\/1"}],"replies":[{"embeddable":true,"href":"https:\/\/www.bernhardhuebl.de\/index.php?rest_route=%2Fwp%2Fv2%2Fcomments&post=98"}],"version-history":[{"count":56,"href":"https:\/\/www.bernhardhuebl.de\/index.php?rest_route=\/wp\/v2\/pages\/98\/revisions"}],"predecessor-version":[{"id":2450,"href":"https:\/\/www.bernhardhuebl.de\/index.php?rest_route=\/wp\/v2\/pages\/98\/revisions\/2450"}],"wp:attachment":[{"href":"https:\/\/www.bernhardhuebl.de\/index.php?rest_route=%2Fwp%2Fv2%2Fmedia&parent=98"}],"curies":[{"name":"wp","href":"https:\/\/api.w.org\/{rel}","templated":true}]}}